{"id":457,"date":"2023-11-03T00:04:32","date_gmt":"2023-11-02T22:04:32","guid":{"rendered":"https:\/\/edenwood.be\/?page_id=457"},"modified":"2023-11-05T19:54:25","modified_gmt":"2023-11-05T17:54:25","slug":"edenwood-duo-decouvrez-les-classiques-de-demain","status":"publish","type":"page","link":"https:\/\/edenwood.be\/","title":{"rendered":"Accueil"},"content":{"rendered":"\n<p><\/p>\n\n\n\n<p><\/p>\n\n\n\n<blockquote class=\"wp-block-quote is-layout-flow wp-block-quote-is-layout-flow\">\n<p>\u2018Catherine Struys et Wouter Vercruysse: deux passionn\u00e9s qui ouvrent de nouvelles voies, vers un r\u00e9pertoire dont on n&rsquo;avait m\u00eame pas conscience qu&rsquo;il pouvait exister&#8230;&nbsp;Un travail salutaire r\u00e9alis\u00e9 par deux musiciens inspir\u00e9s, \u00e0 la technique solide, et \u00e0 la po\u00e9sie puissante!\u2019<\/p>\n\n\n\n<p><strong>Laurent Graulus <\/strong><\/p>\n<cite><strong><a rel=\"noreferrer noopener\" href=\"https:\/\/www.rtbf.be\/musiq3\/emissions\/detail_puisque-vous-avez-du-talent\/tous-les-programmes\/article_le-duo-edenwood-ce-dimanche-a-midi?id=9781193&amp;programId=5956\" target=\"_blank\">Musiq\u20193 (BE, 10\/12\/2017)<\/a><\/strong><\/cite><\/blockquote>\n\n\n\n<p><\/p>\n\n\n\n<blockquote class=\"wp-block-quote is-layout-flow wp-block-quote-is-layout-flow\">\n<p><em>Une merveilleuse d\u00e9couverte musicale<\/em><\/p>\n\n\n\n<p>&lsquo;Pendant plus d&rsquo;une heure le duo Edenwood a fascin\u00e9 l&rsquo;auditoire avec des pi\u00e8ces jou\u00e9es \u00e0 la perfection en utilisant toutes les possibilit\u00e9s de chaque instrument. La touchante connivence de ces deux artistes ajoutait au d\u00e9lice de l&rsquo;\u00e9coute des interpr\u00e9tations.\u2019<\/p>\n\n\n\n<p><\/p>\n<cite><strong><a rel=\"noreferrer noopener\" href=\"http:\/\/www.edenwoodduo.com\/fs\/Root\/e8grc-2019_07_07_Centre_Presse.jpg\" target=\"_blank\">Centre Presse Aveyron (FR, 11\/07\/2019)<\/a><\/strong><\/cite><\/blockquote>\n\n\n\n<p><\/p>\n\n\n\n<blockquote class=\"wp-block-quote is-layout-flow wp-block-quote-is-layout-flow\">\n<p><em>Le duo Edenwood enchante le public<\/em><\/p>\n\n\n\n<p>&lsquo;Sur sc\u00e8ne, la complicit\u00e9 des musiciens \u00e9tait sans pareille. Le public a \u00e9t\u00e9 conquis par ce r\u00e9pertoire original comme en t\u00e9moigne l&rsquo;ovation r\u00e9serv\u00e9e aux deux artistes.&rsquo;<\/p>\n\n\n\n<p><\/p>\n<cite><strong><a rel=\"noreferrer noopener\" href=\"https:\/\/www.lamontagne.fr\/pierrefort-15230\/loisirs\/le-duo-edenwood-enchante-le-public_13609201\/\" target=\"_blank\">La Montagne (FR, 19\/07\/2019)<\/a><\/strong><\/cite><\/blockquote>\n\n\n\n<figure class=\"wp-block-embed is-type-video is-provider-youtube wp-block-embed-youtube wp-embed-aspect-16-9 wp-has-aspect-ratio\"><div class=\"wp-block-embed__wrapper\">\n<iframe loading=\"lazy\" title=\"LUMINANCE - Nathan KOLOSKO - Edenwood duo (Cello Guitar Duo) CD ANOTHER PLACE\" width=\"760\" height=\"428\" src=\"https:\/\/www.youtube.com\/embed\/E-L60ggQ5RI?feature=oembed\" frameborder=\"0\" allow=\"accelerometer; autoplay; clipboard-write; encrypted-media; gyroscope; picture-in-picture; web-share\" allowfullscreen><\/iframe>\n<\/div><\/figure>\n","protected":false},"excerpt":{"rendered":"<p>\u2018Catherine Struys et Wouter Vercruysse: deux passionn\u00e9s qui ouvrent de nouvelles voies, vers un r\u00e9pertoire dont on n&rsquo;avait m\u00eame pas conscience qu&rsquo;il pouvait exister&#8230;&nbsp;Un travail &hellip;<\/p>\n","protected":false},"author":1,"featured_media":445,"parent":0,"menu_order":0,"comment_status":"closed","ping_status":"closed","template":"","meta":{"footnotes":""},"class_list":["post-457","page","type-page","status-publish","has-post-thumbnail","hentry"],"_links":{"self":[{"href":"https:\/\/edenwood.be\/index.php\/wp-json\/wp\/v2\/pages\/457","targetHints":{"allow":["GET"]}}],"collection":[{"href":"https:\/\/edenwood.be\/index.php\/wp-json\/wp\/v2\/pages"}],"about":[{"href":"https:\/\/edenwood.be\/index.php\/wp-json\/wp\/v2\/types\/page"}],"author":[{"embeddable":true,"href":"https:\/\/edenwood.be\/index.php\/wp-json\/wp\/v2\/users\/1"}],"replies":[{"embeddable":true,"href":"https:\/\/edenwood.be\/index.php\/wp-json\/wp\/v2\/comments?post=457"}],"version-history":[{"count":8,"href":"https:\/\/edenwood.be\/index.php\/wp-json\/wp\/v2\/pages\/457\/revisions"}],"predecessor-version":[{"id":556,"href":"https:\/\/edenwood.be\/index.php\/wp-json\/wp\/v2\/pages\/457\/revisions\/556"}],"wp:featuredmedia":[{"embeddable":true,"href":"https:\/\/edenwood.be\/index.php\/wp-json\/wp\/v2\/media\/445"}],"wp:attachment":[{"href":"https:\/\/edenwood.be\/index.php\/wp-json\/wp\/v2\/media?parent=457"}],"curies":[{"name":"wp","href":"https:\/\/api.w.org\/{rel}","templated":true}]}}