{"id":459,"date":"2023-11-03T00:05:13","date_gmt":"2023-11-02T22:05:13","guid":{"rendered":"https:\/\/edenwood.be\/?page_id=459"},"modified":"2023-11-05T19:18:48","modified_gmt":"2023-11-05T17:18:48","slug":"repertoire","status":"publish","type":"page","link":"https:\/\/edenwood.be\/index.php\/repertoire\/","title":{"rendered":"R\u00e9pertoire"},"content":{"rendered":"\n<h2 class=\"wp-block-heading\">Edenwood Duo, d\u00e9couvrez les classiques de demain!<\/h2>\n\n\n\n<p><\/p>\n\n\n\n<p><\/p>\n\n\n\n<p class=\"has-normal-font-size\"><em>Partir \u00e0 la d\u00e9couverte de nouveaux r\u00e9pertoires, tels des aventuriers.<\/em><\/p>\n\n\n\n<p class=\"has-normal-font-size\"><em>Tomber amoureux d&rsquo;oeuvres encore jamais explor\u00e9es.<\/em> <em>Tel est le moteur du Edenwood Duo.<\/em><\/p>\n\n\n\n<p class=\"has-normal-font-size\"><em>Alors, venez avec nous, on vous emm\u00e8ne vers de nouveaux horizons musicaux!<\/em><\/p>\n\n\n\n<p class=\"has-large-font-size\"><\/p>\n\n\n\n<h2 class=\"wp-block-heading\">R\u00e9pertoires propos\u00e9s cette saison:<\/h2>\n\n\n\n<ul class=\"wp-block-list\">\n<li><a href=\"https:\/\/edenwood.be\/index.php\/new-larpeggione\/\" data-type=\"page\" data-id=\"488\">L&rsquo;Arpeggione<\/a><\/li>\n\n\n\n<li class=\"has-normal-font-size\"><a href=\"https:\/\/edenwood.be\/index.php\/light-blue\/\" data-type=\"page\" data-id=\"483\">Light Blue<\/a><\/li>\n\n\n\n<li><a href=\"https:\/\/edenwood.be\/index.php\/sol-y-sombras\/\" data-type=\"page\" data-id=\"495\">Sol y Sombras<\/a><\/li>\n<\/ul>\n\n\n\n<p><\/p>\n","protected":false},"excerpt":{"rendered":"<p>Edenwood Duo, d\u00e9couvrez les classiques de demain! Partir \u00e0 la d\u00e9couverte de nouveaux r\u00e9pertoires, tels des aventuriers. Tomber amoureux d&rsquo;oeuvres encore jamais explor\u00e9es. Tel est &hellip;<\/p>\n","protected":false},"author":1,"featured_media":548,"parent":0,"menu_order":0,"comment_status":"closed","ping_status":"closed","template":"","meta":{"footnotes":""},"class_list":["post-459","page","type-page","status-publish","has-post-thumbnail","hentry"],"_links":{"self":[{"href":"https:\/\/edenwood.be\/index.php\/wp-json\/wp\/v2\/pages\/459","targetHints":{"allow":["GET"]}}],"collection":[{"href":"https:\/\/edenwood.be\/index.php\/wp-json\/wp\/v2\/pages"}],"about":[{"href":"https:\/\/edenwood.be\/index.php\/wp-json\/wp\/v2\/types\/page"}],"author":[{"embeddable":true,"href":"https:\/\/edenwood.be\/index.php\/wp-json\/wp\/v2\/users\/1"}],"replies":[{"embeddable":true,"href":"https:\/\/edenwood.be\/index.php\/wp-json\/wp\/v2\/comments?post=459"}],"version-history":[{"count":5,"href":"https:\/\/edenwood.be\/index.php\/wp-json\/wp\/v2\/pages\/459\/revisions"}],"predecessor-version":[{"id":549,"href":"https:\/\/edenwood.be\/index.php\/wp-json\/wp\/v2\/pages\/459\/revisions\/549"}],"wp:featuredmedia":[{"embeddable":true,"href":"https:\/\/edenwood.be\/index.php\/wp-json\/wp\/v2\/media\/548"}],"wp:attachment":[{"href":"https:\/\/edenwood.be\/index.php\/wp-json\/wp\/v2\/media?parent=459"}],"curies":[{"name":"wp","href":"https:\/\/api.w.org\/{rel}","templated":true}]}}