{"id":488,"date":"2023-11-04T19:34:02","date_gmt":"2023-11-04T17:34:02","guid":{"rendered":"https:\/\/edenwood.be\/?page_id=488"},"modified":"2023-11-04T19:41:16","modified_gmt":"2023-11-04T17:41:16","slug":"new-larpeggione","status":"publish","type":"page","link":"https:\/\/edenwood.be\/index.php\/new-larpeggione\/","title":{"rendered":"NEW! L&rsquo;Arpeggione"},"content":{"rendered":"\n<p>L\u2019Arpeggione est un instrument disparu.\u00a0<\/p>\n\n\n\n<p>Six cordes, un archet, des frettes\u2026 le mariage d\u2019un violoncelle et d\u2019une guitare en quelque sorte. Il a donn\u00e9 son nom \u00e0 l\u2019une des pi\u00e8ces les plus c\u00e9l\u00e8bres de Franz Schubert.<\/p>\n\n\n\n<p>La version pour guitare et violoncelle de la Sonate <em>Arpeggione<\/em> apporte&nbsp; \u00e0 celle-ci un vent de fra\u00eecheur, un nouveau souffle, et permet de la re-d\u00e9couvrir sous un angle nouveau.<\/p>\n\n\n\n<p>L\u2019Arpeggione ouvre la porte \u00e0 la d\u00e9couverte d\u2019oeuvres romantiques originalement \u00e9crites pour guitare et violoncelle par Fr\u00e9d\u00e9ric Burgmuller et Jan Nepomucen Bobrowicz.<\/p>\n\n\n\n<p><\/p>\n\n\n\n<p><strong>Programme<\/strong><\/p>\n\n\n\n<p><em>Trois Nocturnes<\/em> de Fr\u00e9d\u00e9ric Burgmuller<\/p>\n\n\n\n<p><em>Sonate L\u2019Arpeggione<\/em> de Franz Schubert<\/p>\n\n\n\n<p><em>Souvenir de la Pologne<\/em> de Jan Nepomucen Bobrowicz<\/p>\n\n\n\n<p><\/p>\n\n\n\n<p><strong>Minutage<\/strong><\/p>\n\n\n\n<p>50 minutes<\/p>\n","protected":false},"excerpt":{"rendered":"<p>L\u2019Arpeggione est un instrument disparu.\u00a0 Six cordes, un archet, des frettes\u2026 le mariage d\u2019un violoncelle et d\u2019une guitare en quelque sorte. Il a donn\u00e9 son &hellip;<\/p>\n","protected":false},"author":1,"featured_media":489,"parent":0,"menu_order":0,"comment_status":"closed","ping_status":"closed","template":"","meta":{"footnotes":""},"class_list":["post-488","page","type-page","status-publish","has-post-thumbnail","hentry"],"_links":{"self":[{"href":"https:\/\/edenwood.be\/index.php\/wp-json\/wp\/v2\/pages\/488","targetHints":{"allow":["GET"]}}],"collection":[{"href":"https:\/\/edenwood.be\/index.php\/wp-json\/wp\/v2\/pages"}],"about":[{"href":"https:\/\/edenwood.be\/index.php\/wp-json\/wp\/v2\/types\/page"}],"author":[{"embeddable":true,"href":"https:\/\/edenwood.be\/index.php\/wp-json\/wp\/v2\/users\/1"}],"replies":[{"embeddable":true,"href":"https:\/\/edenwood.be\/index.php\/wp-json\/wp\/v2\/comments?post=488"}],"version-history":[{"count":4,"href":"https:\/\/edenwood.be\/index.php\/wp-json\/wp\/v2\/pages\/488\/revisions"}],"predecessor-version":[{"id":500,"href":"https:\/\/edenwood.be\/index.php\/wp-json\/wp\/v2\/pages\/488\/revisions\/500"}],"wp:featuredmedia":[{"embeddable":true,"href":"https:\/\/edenwood.be\/index.php\/wp-json\/wp\/v2\/media\/489"}],"wp:attachment":[{"href":"https:\/\/edenwood.be\/index.php\/wp-json\/wp\/v2\/media?parent=488"}],"curies":[{"name":"wp","href":"https:\/\/api.w.org\/{rel}","templated":true}]}}