{"id":495,"date":"2023-11-04T19:39:08","date_gmt":"2023-11-04T17:39:08","guid":{"rendered":"https:\/\/edenwood.be\/?page_id=495"},"modified":"2023-11-04T19:45:24","modified_gmt":"2023-11-04T17:45:24","slug":"sol-y-sombras","status":"publish","type":"page","link":"https:\/\/edenwood.be\/index.php\/sol-y-sombras\/","title":{"rendered":"Sol y Sombras"},"content":{"rendered":"\n<p>Un programme fait d\u2019ombres et de lumi\u00e8res. Astor Piazzolla et Heitor Villa-Lobos ouvrent la porte \u00e0 la d\u00e9couverte d\u2019un r\u00e9pertoire insoup\u00e7onn\u00e9. Des oeuvres originalement \u00e9crites par Radam\u00e8s Gnattali, Javier Contreras, Maximo Diego Pujol ou encore Eduardo Martin vous ferons voyager le long de la Cordili\u00e8re des Andes.<\/p>\n\n\n\n<p><\/p>\n\n\n\n<p><strong>Programme<\/strong><\/p>\n\n\n\n<p><em>Caf\u00e9 1930<\/em> d&rsquo;Astor Piazzolla<\/p>\n\n\n\n<p><em>Aria (issu de la Bacchianas Brasileira n\u00b05)<\/em> d&rsquo;Heitor Villa-Lobos<\/p>\n\n\n\n<p><em>Suite Buenos Aires<\/em> de Maximo Diego Pujol<\/p>\n\n\n\n<p><em>Reflex\u00f5es n\u00b06<\/em> de Jaime M. Zenamon<\/p>\n\n\n\n<p><em><a href=\"https:\/\/youtu.be\/BgLuOiYMDno?si=mHJ1DL_J8BXF8jnD\">Agua e Vi\u00f1ho<\/a>\u00a0<\/em>de Egberto Gismonti<\/p>\n\n\n\n<p><em>Suite Habana<\/em> d&rsquo;Eduardo Martin<\/p>\n\n\n\n<p><em>Diptico Latinamericano<\/em> de Javier Contreras<\/p>\n\n\n\n<p><em><a href=\"https:\/\/youtu.be\/fnff2y4sobQ?si=TW7FDkk83P-jL154\">Sonata<\/a><\/em> de Radam\u00e8s Gnattali<\/p>\n\n\n\n<p><\/p>\n\n\n\n<p><strong>Minutage<\/strong><\/p>\n\n\n\n<p>version courte: 50 minutes<\/p>\n\n\n\n<p>version longue: 2 x 45 minutes<\/p>\n","protected":false},"excerpt":{"rendered":"<p>Un programme fait d\u2019ombres et de lumi\u00e8res. Astor Piazzolla et Heitor Villa-Lobos ouvrent la porte \u00e0 la d\u00e9couverte d\u2019un r\u00e9pertoire insoup\u00e7onn\u00e9. Des oeuvres originalement \u00e9crites &hellip;<\/p>\n","protected":false},"author":1,"featured_media":475,"parent":0,"menu_order":0,"comment_status":"closed","ping_status":"closed","template":"","meta":{"footnotes":""},"class_list":["post-495","page","type-page","status-publish","has-post-thumbnail","hentry"],"_links":{"self":[{"href":"https:\/\/edenwood.be\/index.php\/wp-json\/wp\/v2\/pages\/495","targetHints":{"allow":["GET"]}}],"collection":[{"href":"https:\/\/edenwood.be\/index.php\/wp-json\/wp\/v2\/pages"}],"about":[{"href":"https:\/\/edenwood.be\/index.php\/wp-json\/wp\/v2\/types\/page"}],"author":[{"embeddable":true,"href":"https:\/\/edenwood.be\/index.php\/wp-json\/wp\/v2\/users\/1"}],"replies":[{"embeddable":true,"href":"https:\/\/edenwood.be\/index.php\/wp-json\/wp\/v2\/comments?post=495"}],"version-history":[{"count":4,"href":"https:\/\/edenwood.be\/index.php\/wp-json\/wp\/v2\/pages\/495\/revisions"}],"predecessor-version":[{"id":504,"href":"https:\/\/edenwood.be\/index.php\/wp-json\/wp\/v2\/pages\/495\/revisions\/504"}],"wp:featuredmedia":[{"embeddable":true,"href":"https:\/\/edenwood.be\/index.php\/wp-json\/wp\/v2\/media\/475"}],"wp:attachment":[{"href":"https:\/\/edenwood.be\/index.php\/wp-json\/wp\/v2\/media?parent=495"}],"curies":[{"name":"wp","href":"https:\/\/api.w.org\/{rel}","templated":true}]}}